{"id":336,"date":"2024-09-24T13:28:22","date_gmt":"2024-09-24T11:28:22","guid":{"rendered":"https:\/\/tallafall.com\/aatf\/?page_id=336"},"modified":"2024-10-09T19:28:20","modified_gmt":"2024-10-09T19:28:20","slug":"team","status":"publish","type":"page","link":"https:\/\/tallafall.com\/aatf\/team\/","title":{"rendered":"TEAM"},"content":{"rendered":"\t\t<div data-elementor-type=\"wp-page\" data-elementor-id=\"336\" class=\"elementor elementor-336\" data-elementor-post-type=\"page\">\n\t\t\t\t<div class=\"elementor-element elementor-element-e83152c e-flex e-con-boxed wpr-particle-no wpr-jarallax-no wpr-parallax-no wpr-sticky-section-no wpr-equal-height-no e-con e-parent\" data-id=\"e83152c\" data-element_type=\"container\">\n\t\t\t\t\t<div class=\"e-con-inner\">\n\t\t\t\t<div class=\"elementor-element elementor-element-0ed3a97 elementor-widget elementor-widget-heading\" data-id=\"0ed3a97\" data-element_type=\"widget\" data-widget_type=\"heading.default\">\n\t\t\t\t<div class=\"elementor-widget-container\">\n\t\t\t<h5 class=\"elementor-heading-title elementor-size-default\">Membres de l'\u00e9quipe<\/h5>\t\t<\/div>\n\t\t\t\t<\/div>\n\t\t\t\t\t<\/div>\n\t\t\t\t<\/div>\n\t\t<div class=\"elementor-element elementor-element-a3312b9 e-con-full e-flex wpr-particle-no wpr-jarallax-no wpr-parallax-no wpr-sticky-section-no wpr-equal-height-no e-con e-parent\" data-id=\"a3312b9\" data-element_type=\"container\">\n\t\t<div class=\"elementor-element elementor-element-2dc0ac9 e-con-full e-flex wpr-particle-no wpr-jarallax-no wpr-parallax-no wpr-sticky-section-no wpr-equal-height-no e-con e-child\" data-id=\"2dc0ac9\" data-element_type=\"container\">\n\t\t\t\t<\/div>\n\t\t<div class=\"elementor-element elementor-element-5a2415c e-con-full e-flex wpr-particle-no wpr-jarallax-no wpr-parallax-no wpr-sticky-section-no wpr-equal-height-no e-con e-child\" data-id=\"5a2415c\" data-element_type=\"container\">\n\t\t\t\t<div class=\"elementor-element elementor-element-bacf2fc wpr-team-member-divider-center elementor-widget elementor-widget-wpr-team-member\" data-id=\"bacf2fc\" data-element_type=\"widget\" data-widget_type=\"wpr-team-member.default\">\n\t\t\t\t<div class=\"elementor-widget-container\">\n\t\t\t\n\t<div class=\"wpr-team-member\">\n\t\t\t\t\t\n\t\t\t<div class=\"wpr-member-media\">\n\t\t\t\t<div class=\"wpr-member-image\">\n\t\t\t\t\t<img decoding=\"async\" src=\"https:\/\/tallafall.com\/aatf\/wp-content\/uploads\/2024\/09\/WhatsApp-Image-2024-09-20-at-10.17.21-1-300x284.jpeg\" alt=\"Momar Talla Malick FALL\">\n\t\t\t\t<\/div>\n\t\t\t\t\t\t\t<\/div>\n\t\t\t\t\n\t\t\n\t\t<div class=\"wpr-member-content\">\n\t\t\t<h2 class=\"wpr-member-name\">Momar Talla Malick FALL<\/h2>\n\t\t\t\n\t\t\t\t\t\t\t<div class=\"wpr-member-job\">           Directeur G\u00e9n\u00e9ral  \/                            Architecte DE-HMONP\/F<\/div>\n\t\t\t\n\t\t\t\t\t\t\t<div class=\"wpr-member-divider\"><\/div>\n\t\t\t\n\t\t\t\t\t\t\n\t\t\t\t\t<\/div>\n\n\t\t\t<\/div>\n\n\t\t\t<\/div>\n\t\t\t\t<\/div>\n\t\t\t\t<\/div>\n\t\t<div class=\"elementor-element elementor-element-8a6a122 e-con-full e-flex wpr-particle-no wpr-jarallax-no wpr-parallax-no wpr-sticky-section-no wpr-equal-height-no e-con e-child\" data-id=\"8a6a122\" data-element_type=\"container\">\n\t\t\t\t<\/div>\n\t\t\t\t<\/div>\n\t\t<div class=\"elementor-element elementor-element-ca52ff2 e-grid e-con-full wpr-particle-no wpr-jarallax-no wpr-parallax-no wpr-sticky-section-no wpr-equal-height-no e-con e-parent\" data-id=\"ca52ff2\" data-element_type=\"container\">\n\t\t\t\t<div class=\"elementor-element elementor-element-1d3caa6 elementor-widget__width-initial wpr-team-member-divider-center elementor-widget elementor-widget-wpr-team-member\" data-id=\"1d3caa6\" data-element_type=\"widget\" data-widget_type=\"wpr-team-member.default\">\n\t\t\t\t<div class=\"elementor-widget-container\">\n\t\t\t\n\t<div class=\"wpr-team-member\">\n\t\t\t\t\t\n\t\t\t<div class=\"wpr-member-media\">\n\t\t\t\t<div class=\"wpr-member-image\">\n\t\t\t\t\t<img decoding=\"async\" src=\"https:\/\/tallafall.com\/aatf\/wp-content\/uploads\/2024\/10\/gueye.jpg\" alt=\"Baye Cheikh GAYE\">\n\t\t\t\t<\/div>\n\t\t\t\t\t\t\t<\/div>\n\t\t\t\t\n\t\t\n\t\t<div class=\"wpr-member-content\">\n\t\t\t<h2 class=\"wpr-member-name\">Baye Cheikh GAYE<\/h2>\n\t\t\t\n\t\t\t\t\t\t\t<div class=\"wpr-member-job\">Ing\u00e9nieur g\u00e9nie civil<\/div>\n\t\t\t\n\t\t\t\t\t\t\t<div class=\"wpr-member-divider\"><\/div>\n\t\t\t\n\t\t\t\t\t\t\n\t\t\t\t\t<\/div>\n\n\t\t\t<\/div>\n\n\t\t\t<\/div>\n\t\t\t\t<\/div>\n\t\t\t\t<div class=\"elementor-element elementor-element-1771af5 elementor-widget__width-initial wpr-team-member-divider-center elementor-widget elementor-widget-wpr-team-member\" data-id=\"1771af5\" data-element_type=\"widget\" data-widget_type=\"wpr-team-member.default\">\n\t\t\t\t<div class=\"elementor-widget-container\">\n\t\t\t\n\t<div class=\"wpr-team-member\">\n\t\t\t\t\t\n\t\t\t<div class=\"wpr-member-media\">\n\t\t\t\t<div class=\"wpr-member-image\">\n\t\t\t\t\t<img decoding=\"async\" src=\"https:\/\/tallafall.com\/aatf\/wp-content\/uploads\/2024\/10\/MAEVA-MORNONDE-ARCHITECTE-DEIAU.jpg\" alt=\"Maeva MORNONDE\">\n\t\t\t\t<\/div>\n\t\t\t\t\t\t\t<\/div>\n\t\t\t\t\n\t\t\n\t\t<div class=\"wpr-member-content\">\n\t\t\t<h2 class=\"wpr-member-name\">Maeva MORNONDE<\/h2>\n\t\t\t\n\t\t\t\t\t\t\t<div class=\"wpr-member-job\">Architecte DEIAU<\/div>\n\t\t\t\n\t\t\t\t\t\t\t<div class=\"wpr-member-divider\"><\/div>\n\t\t\t\n\t\t\t\t\t\t\n\t\t\t\t\t<\/div>\n\n\t\t\t<\/div>\n\n\t\t\t<\/div>\n\t\t\t\t<\/div>\n\t\t\t\t<\/div>\n\t\t<div class=\"elementor-element elementor-element-4e8fe3e e-grid e-con-full wpr-particle-no wpr-jarallax-no wpr-parallax-no wpr-sticky-section-no wpr-equal-height-no e-con e-parent\" data-id=\"4e8fe3e\" data-element_type=\"container\">\n\t\t\t\t<div class=\"elementor-element elementor-element-822cd16 wpr-team-member-divider-center elementor-widget elementor-widget-wpr-team-member\" data-id=\"822cd16\" data-element_type=\"widget\" data-widget_type=\"wpr-team-member.default\">\n\t\t\t\t<div class=\"elementor-widget-container\">\n\t\t\t\n\t<div class=\"wpr-team-member\">\n\t\t\t\t\t\n\t\t\t<div class=\"wpr-member-media\">\n\t\t\t\t<div class=\"wpr-member-image\">\n\t\t\t\t\t<img decoding=\"async\" src=\"https:\/\/tallafall.com\/aatf\/wp-content\/uploads\/2024\/09\/tema1-2.jpeg\" alt=\"Giovanni MBA\">\n\t\t\t\t<\/div>\n\t\t\t\t\t\t\t<\/div>\n\t\t\t\t\n\t\t\n\t\t<div class=\"wpr-member-content\">\n\t\t\t<h1 class=\"wpr-member-name\">Giovanni MBA<\/h1>\n\t\t\t\n\t\t\t\t\t\t\t<div class=\"wpr-member-job\">Technicien Sup\u00e9rieur en Architecture<\/div>\n\t\t\t\n\t\t\t\t\t\t\t<div class=\"wpr-member-divider\"><\/div>\n\t\t\t\n\t\t\t\t\t\t\n\t\t\t\t\t<\/div>\n\n\t\t\t<\/div>\n\n\t\t\t<\/div>\n\t\t\t\t<\/div>\n\t\t\t\t<div class=\"elementor-element elementor-element-7c80f90 wpr-team-member-divider-center elementor-widget elementor-widget-wpr-team-member\" data-id=\"7c80f90\" data-element_type=\"widget\" data-widget_type=\"wpr-team-member.default\">\n\t\t\t\t<div class=\"elementor-widget-container\">\n\t\t\t\n\t<div class=\"wpr-team-member\">\n\t\t\t\t\t\n\t\t\t<div class=\"wpr-member-media\">\n\t\t\t\t<div class=\"wpr-member-image\">\n\t\t\t\t\t<img decoding=\"async\" src=\"https:\/\/tallafall.com\/aatf\/wp-content\/uploads\/2024\/09\/WhatsApp-Image-2024-09-24-at-11.05.59-1.jpeg\" alt=\"Didier Yamba CHALE\">\n\t\t\t\t<\/div>\n\t\t\t\t\t\t\t<\/div>\n\t\t\t\t\n\t\t\n\t\t<div class=\"wpr-member-content\">\n\t\t\t<h2 class=\"wpr-member-name\">Didier Yamba CHALE<\/h2>\n\t\t\t\n\t\t\t\t\t\t\t<div class=\"wpr-member-job\">Technicien Sup\u00e9rieur en Architecture<\/div>\n\t\t\t\n\t\t\t\t\t\t\t<div class=\"wpr-member-divider\"><\/div>\n\t\t\t\n\t\t\t\t\t\t\n\t\t\t\t\t<\/div>\n\n\t\t\t<\/div>\n\n\t\t\t<\/div>\n\t\t\t\t<\/div>\n\t\t\t\t<div class=\"elementor-element elementor-element-5c5a508 wpr-team-member-divider-center elementor-widget elementor-widget-wpr-team-member\" data-id=\"5c5a508\" data-element_type=\"widget\" data-widget_type=\"wpr-team-member.default\">\n\t\t\t\t<div class=\"elementor-widget-container\">\n\t\t\t\n\t<div class=\"wpr-team-member\">\n\t\t\t\t\t\n\t\t\t<div class=\"wpr-member-media\">\n\t\t\t\t<div class=\"wpr-member-image\">\n\t\t\t\t\t<img decoding=\"async\" src=\"https:\/\/tallafall.com\/aatf\/wp-content\/uploads\/2024\/09\/WhatsApp-Image-2024-09-24-at-11.08.08-1.jpeg\" alt=\"Abdoulaye DIOP\">\n\t\t\t\t<\/div>\n\t\t\t\t\t\t\t<\/div>\n\t\t\t\t\n\t\t\n\t\t<div class=\"wpr-member-content\">\n\t\t\t<h2 class=\"wpr-member-name\">Abdoulaye DIOP<\/h2>\n\t\t\t\n\t\t\t\t\t\t\t<div class=\"wpr-member-job\">Charg\u00e9 de Projet<\/div>\n\t\t\t\n\t\t\t\t\t\t\t<div class=\"wpr-member-divider\"><\/div>\n\t\t\t\n\t\t\t\t\t\t\n\t\t\t\t\t<\/div>\n\n\t\t\t<\/div>\n\n\t\t\t<\/div>\n\t\t\t\t<\/div>\n\t\t\t\t<\/div>\n\t\t<div class=\"elementor-element elementor-element-ea9bbef e-grid e-con-full wpr-particle-no wpr-jarallax-no wpr-parallax-no wpr-sticky-section-no wpr-equal-height-no e-con e-parent\" data-id=\"ea9bbef\" data-element_type=\"container\">\n\t\t\t\t<div class=\"elementor-element elementor-element-d401709 elementor-widget__width-initial wpr-team-member-divider-center elementor-widget elementor-widget-wpr-team-member\" data-id=\"d401709\" data-element_type=\"widget\" data-widget_type=\"wpr-team-member.default\">\n\t\t\t\t<div class=\"elementor-widget-container\">\n\t\t\t\n\t<div class=\"wpr-team-member\">\n\t\t\t\t\t\n\t\t\t<div class=\"wpr-member-media\">\n\t\t\t\t<div class=\"wpr-member-image\">\n\t\t\t\t\t<img decoding=\"async\" src=\"https:\/\/tallafall.com\/aatf\/wp-content\/uploads\/2024\/10\/aDJA-fATOU-dIEN-CHEF-DE-PROJET.jpg\" alt=\"Adja Fatou DIENG\">\n\t\t\t\t<\/div>\n\t\t\t\t\t\t\t<\/div>\n\t\t\t\t\n\t\t\n\t\t<div class=\"wpr-member-content\">\n\t\t\t<h2 class=\"wpr-member-name\">Adja Fatou DIENG<\/h2>\n\t\t\t\n\t\t\t\t\t\t\t<div class=\"wpr-member-job\">Chef de Projet<\/div>\n\t\t\t\n\t\t\t\t\t\t\t<div class=\"wpr-member-divider\"><\/div>\n\t\t\t\n\t\t\t\t\t\t\n\t\t\t\t\t<\/div>\n\n\t\t\t<\/div>\n\n\t\t\t<\/div>\n\t\t\t\t<\/div>\n\t\t\t\t<div class=\"elementor-element elementor-element-fd8032d elementor-widget__width-initial wpr-team-member-divider-center elementor-widget elementor-widget-wpr-team-member\" data-id=\"fd8032d\" data-element_type=\"widget\" data-widget_type=\"wpr-team-member.default\">\n\t\t\t\t<div class=\"elementor-widget-container\">\n\t\t\t\n\t<div class=\"wpr-team-member\">\n\t\t\t\t\t\n\t\t\t<div class=\"wpr-member-media\">\n\t\t\t\t<div class=\"wpr-member-image\">\n\t\t\t\t\t<img decoding=\"async\" src=\"https:\/\/tallafall.com\/aatf\/wp-content\/uploads\/2024\/10\/Djibril-Cisse.jpg\" alt=\"Djibril CISSE\">\n\t\t\t\t<\/div>\n\t\t\t\t\t\t\t<\/div>\n\t\t\t\t\n\t\t\n\t\t<div class=\"wpr-member-content\">\n\t\t\t<h2 class=\"wpr-member-name\">Djibril CISSE<\/h2>\n\t\t\t\n\t\t\t\t\t\t\t<div class=\"wpr-member-job\">Ing\u00e9nieur g\u00e9nie civil<\/div>\n\t\t\t\n\t\t\t\t\t\t\t<div class=\"wpr-member-divider\"><\/div>\n\t\t\t\n\t\t\t\t\t\t\n\t\t\t\t\t<\/div>\n\n\t\t\t<\/div>\n\n\t\t\t<\/div>\n\t\t\t\t<\/div>\n\t\t\t\t<\/div>\n\t\t\t\t<\/div>\n\t\t","protected":false},"excerpt":{"rendered":"<p>Membres de l&rsquo;\u00e9quipe Momar Talla Malick FALL Directeur G\u00e9n\u00e9ral \/ Architecte DE-HMONP\/F Baye Cheikh GAYE Ing\u00e9nieur g\u00e9nie civil Maeva MORNONDE Architecte DEIAU Giovanni MBA Technicien Sup\u00e9rieur en Architecture Didier Yamba CHALE Technicien Sup\u00e9rieur en Architecture Abdoulaye DIOP Charg\u00e9 de Projet Adja Fatou DIENG Chef de Projet Djibril CISSE Ing\u00e9nieur g\u00e9nie civil<\/p>\n","protected":false},"author":1,"featured_media":0,"parent":0,"menu_order":0,"comment_status":"closed","ping_status":"closed","template":"","meta":{"sfsi_plus_gutenberg_text_before_share":"","sfsi_plus_gutenberg_show_text_before_share":"","sfsi_plus_gutenberg_icon_type":"","sfsi_plus_gutenberg_icon_alignemt":"","sfsi_plus_gutenburg_max_per_row":"","footnotes":""},"class_list":["post-336","page","type-page","status-publish","hentry"],"_links":{"self":[{"href":"https:\/\/tallafall.com\/aatf\/wp-json\/wp\/v2\/pages\/336","targetHints":{"allow":["GET"]}}],"collection":[{"href":"https:\/\/tallafall.com\/aatf\/wp-json\/wp\/v2\/pages"}],"about":[{"href":"https:\/\/tallafall.com\/aatf\/wp-json\/wp\/v2\/types\/page"}],"author":[{"embeddable":true,"href":"https:\/\/tallafall.com\/aatf\/wp-json\/wp\/v2\/users\/1"}],"replies":[{"embeddable":true,"href":"https:\/\/tallafall.com\/aatf\/wp-json\/wp\/v2\/comments?post=336"}],"version-history":[{"count":22,"href":"https:\/\/tallafall.com\/aatf\/wp-json\/wp\/v2\/pages\/336\/revisions"}],"predecessor-version":[{"id":723,"href":"https:\/\/tallafall.com\/aatf\/wp-json\/wp\/v2\/pages\/336\/revisions\/723"}],"wp:attachment":[{"href":"https:\/\/tallafall.com\/aatf\/wp-json\/wp\/v2\/media?parent=336"}],"curies":[{"name":"wp","href":"https:\/\/api.w.org\/{rel}","templated":true}]}}