{"id":15,"date":"2024-09-16T18:23:09","date_gmt":"2024-09-16T16:23:09","guid":{"rendered":"https:\/\/tallafall.com\/aatf\/?page_id=15"},"modified":"2024-10-03T09:43:03","modified_gmt":"2024-10-03T09:43:03","slug":"a-propos","status":"publish","type":"page","link":"https:\/\/tallafall.com\/aatf\/a-propos\/","title":{"rendered":"A PROPOS"},"content":{"rendered":"\t\t<div data-elementor-type=\"wp-page\" data-elementor-id=\"15\" class=\"elementor elementor-15\" data-elementor-post-type=\"page\">\n\t\t\t\t<div class=\"elementor-element elementor-element-5dbee5cd e-flex e-con-boxed wpr-particle-no wpr-jarallax-no wpr-parallax-no wpr-sticky-section-no wpr-equal-height-no e-con e-parent\" data-id=\"5dbee5cd\" data-element_type=\"container\">\n\t\t\t\t\t<div class=\"e-con-inner\">\n\t\t\t\t<div class=\"elementor-element elementor-element-2b2ffa7f elementor-widget elementor-widget-text-editor\" data-id=\"2b2ffa7f\" data-element_type=\"widget\" data-widget_type=\"text-editor.default\">\n\t\t\t\t<div class=\"elementor-widget-container\">\n\t\t\t\t\t\t\t<p><!-- wp:paragraph --><\/p>\n<h2>A<strong> PROPOS DE NOUS!<\/strong><\/h2>\n<p><strong style=\"color: #000000;\">L&rsquo;Atelier d&rsquo;Architecture Talla Fall (AATF) a \u00e9t\u00e9 cr\u00e9\u00e9 en 2021 par Momar Talla Malick FALL, architecte dipl\u00f4m\u00e9 d\u2019\u00c9tat (Toulouse, 2015) habilit\u00e9 \u00e0 l\u2019exercice de la ma\u00eetrise d\u2019\u0153uvre en son nom propre (Paris-La-Villette, 2019). Ce dernier capitalise plusieurs ann\u00e9es de pratique professionnelles au S\u00e9n\u00e9gal comme \u00e0 l\u2019\u00e9tranger (France, Gambie, Guin\u00e9e-Bissau, etc.). Par ailleurs, sa formation initiale en g\u00e9nie civil (Licence \u00e0 l\u2019Universit\u00e9 du Havre, 2009 et DUT \u00e0 l\u2019\u00c9cole Polytechnique de Thi\u00e8s, 2005) lui donne un savoir-faire compl\u00e9mentaire de sa posture d\u2019architecte. L\u2019agence est bas\u00e9e \u00e0 Dakar, S\u00e9n\u00e9gal, mais se d\u00e9ploie fr\u00e9quemment dans la sous-r\u00e9gion ouest-africaine.<\/strong><\/p>\n<p><!-- wp:paragraph --><\/p>\n<h2><strong>NOTRE PHILOSOPHIE !<\/strong><\/h2>\n<p><b>De la ville \u00e0 l\u2019objet, notre atelier explore toutes les \u00e9chelles de l\u2019acte de b\u00e2tir. En cela il est aid\u00e9 par la pr\u00e9sence dans ses effectifs d\u2019ing\u00e9nieurs et techniciens (civil et fluides) ayant plusieurs ann\u00e9es d\u2019exp\u00e9riences. Ce \u00e0 quoi il faut ajouter les consultants ext\u00e9rieurs qui viennent ponctuellement en appui conseiller, donner une expertise singuli\u00e8re. Par exemple les projets urbains et paysagers sont ainsi r\u00e9alis\u00e9s avec le concours de consultants bas\u00e9s en France. Notre atelier a pu concevoir ou assurer la direction de projets complexes comme un centre commercial, une maternit\u00e9, un centre d\u2019imagerie, une mosqu\u00e9e, un data-center, un centre de g\u00e9riatrie, un h\u00f4pital de niveau II, une biblioth\u00e8que, des \u00e9coles, une station services, des immeubles r\u00e9sidentiels, un design int\u00e9rieur et de mobilier etc. Il est par ailleurs toujours curieux de challenger de nouvelles opportunit\u00e9s de laisser s\u2019exprimer sa cr\u00e9ativit\u00e9 \u00e0 l\u2019occasion de projets d\u2019ordre nouveau.<\/b><\/p>\n<p><!-- \/wp:columns --><\/p>\t\t\t\t\t\t<\/div>\n\t\t\t\t<\/div>\n\t\t\t\t<div class=\"elementor-element elementor-element-9fa23ab elementor-widget elementor-widget-heading\" data-id=\"9fa23ab\" data-element_type=\"widget\" data-widget_type=\"heading.default\">\n\t\t\t\t<div class=\"elementor-widget-container\">\n\t\t\t<h2 class=\"elementor-heading-title elementor-size-default\">NOS PARTENAIRES<\/h2>\t\t<\/div>\n\t\t\t\t<\/div>\n\t\t\t\t<div class=\"elementor-element elementor-element-7f344dd elementor-arrows-position-inside elementor-pagination-position-outside elementor-widget elementor-widget-image-carousel\" data-id=\"7f344dd\" data-element_type=\"widget\" data-settings=\"{&quot;navigation&quot;:&quot;both&quot;,&quot;autoplay&quot;:&quot;yes&quot;,&quot;pause_on_hover&quot;:&quot;yes&quot;,&quot;pause_on_interaction&quot;:&quot;yes&quot;,&quot;autoplay_speed&quot;:5000,&quot;infinite&quot;:&quot;yes&quot;,&quot;speed&quot;:500}\" data-widget_type=\"image-carousel.default\">\n\t\t\t\t<div class=\"elementor-widget-container\">\n\t\t\t\t\t<div class=\"elementor-image-carousel-wrapper swiper\" dir=\"ltr\">\n\t\t\t<div class=\"elementor-image-carousel swiper-wrapper\" aria-live=\"off\">\n\t\t\t\t\t\t\t\t<div class=\"swiper-slide\" role=\"group\" aria-roledescription=\"slide\" aria-label=\"1 sur 15\"><figure class=\"swiper-slide-inner\"><img decoding=\"async\" class=\"swiper-slide-image\" src=\"https:\/\/tallafall.com\/aatf\/wp-content\/uploads\/2024\/09\/AG7-1.png\" alt=\"AG7\" \/><\/figure><\/div><div class=\"swiper-slide\" role=\"group\" aria-roledescription=\"slide\" aria-label=\"2 sur 15\"><figure class=\"swiper-slide-inner\"><img decoding=\"async\" class=\"swiper-slide-image\" src=\"https:\/\/tallafall.com\/aatf\/wp-content\/uploads\/2024\/09\/ANCO.png\" alt=\"ANCO\" \/><\/figure><\/div><div class=\"swiper-slide\" role=\"group\" aria-roledescription=\"slide\" aria-label=\"3 sur 15\"><figure class=\"swiper-slide-inner\"><img decoding=\"async\" class=\"swiper-slide-image\" src=\"https:\/\/tallafall.com\/aatf\/wp-content\/uploads\/2024\/09\/AXIS-1.jpg\" alt=\"AXIS\" \/><\/figure><\/div><div class=\"swiper-slide\" role=\"group\" aria-roledescription=\"slide\" aria-label=\"4 sur 15\"><figure class=\"swiper-slide-inner\"><img decoding=\"async\" class=\"swiper-slide-image\" src=\"https:\/\/tallafall.com\/aatf\/wp-content\/uploads\/2024\/09\/codis-1.png\" alt=\"codis\" \/><\/figure><\/div><div class=\"swiper-slide\" role=\"group\" aria-roledescription=\"slide\" aria-label=\"5 sur 15\"><figure class=\"swiper-slide-inner\"><img decoding=\"async\" class=\"swiper-slide-image\" src=\"https:\/\/tallafall.com\/aatf\/wp-content\/uploads\/2024\/09\/GEOMAT.png\" alt=\"GEOMAT\" \/><\/figure><\/div><div class=\"swiper-slide\" role=\"group\" aria-roledescription=\"slide\" aria-label=\"6 sur 15\"><figure class=\"swiper-slide-inner\"><img decoding=\"async\" class=\"swiper-slide-image\" src=\"https:\/\/tallafall.com\/aatf\/wp-content\/uploads\/2024\/09\/GIC-1.png\" alt=\"GIC\" \/><\/figure><\/div><div class=\"swiper-slide\" role=\"group\" aria-roledescription=\"slide\" aria-label=\"7 sur 15\"><figure class=\"swiper-slide-inner\"><img decoding=\"async\" class=\"swiper-slide-image\" src=\"https:\/\/tallafall.com\/aatf\/wp-content\/uploads\/2024\/09\/GIDI.png\" alt=\"GIDI\" \/><\/figure><\/div><div class=\"swiper-slide\" role=\"group\" aria-roledescription=\"slide\" aria-label=\"8 sur 15\"><figure class=\"swiper-slide-inner\"><img decoding=\"async\" class=\"swiper-slide-image\" src=\"https:\/\/tallafall.com\/aatf\/wp-content\/uploads\/2024\/09\/icegem.png\" alt=\"icegem\" \/><\/figure><\/div><div class=\"swiper-slide\" role=\"group\" aria-roledescription=\"slide\" aria-label=\"9 sur 15\"><figure class=\"swiper-slide-inner\"><img decoding=\"async\" class=\"swiper-slide-image\" src=\"https:\/\/tallafall.com\/aatf\/wp-content\/uploads\/2024\/09\/Optima-1.jpeg\" alt=\"Optima\" \/><\/figure><\/div><div class=\"swiper-slide\" role=\"group\" aria-roledescription=\"slide\" aria-label=\"10 sur 15\"><figure class=\"swiper-slide-inner\"><img decoding=\"async\" class=\"swiper-slide-image\" src=\"https:\/\/tallafall.com\/aatf\/wp-content\/uploads\/2024\/09\/SEATEC.png\" alt=\"SEATEC\" \/><\/figure><\/div><div class=\"swiper-slide\" role=\"group\" aria-roledescription=\"slide\" aria-label=\"11 sur 15\"><figure class=\"swiper-slide-inner\"><img decoding=\"async\" class=\"swiper-slide-image\" src=\"https:\/\/tallafall.com\/aatf\/wp-content\/uploads\/2024\/09\/SID-SECURITE-1.jpg\" alt=\"SID SECURITE\" \/><\/figure><\/div><div class=\"swiper-slide\" role=\"group\" aria-roledescription=\"slide\" aria-label=\"12 sur 15\"><figure class=\"swiper-slide-inner\"><img decoding=\"async\" class=\"swiper-slide-image\" src=\"https:\/\/tallafall.com\/aatf\/wp-content\/uploads\/2024\/09\/SIMEX.png\" alt=\"SIMEX\" \/><\/figure><\/div><div class=\"swiper-slide\" role=\"group\" aria-roledescription=\"slide\" aria-label=\"13 sur 15\"><figure class=\"swiper-slide-inner\"><img decoding=\"async\" class=\"swiper-slide-image\" src=\"https:\/\/tallafall.com\/aatf\/wp-content\/uploads\/2024\/09\/sinus2.png\" alt=\"sinus2\" \/><\/figure><\/div><div class=\"swiper-slide\" role=\"group\" aria-roledescription=\"slide\" aria-label=\"14 sur 15\"><figure class=\"swiper-slide-inner\"><img decoding=\"async\" class=\"swiper-slide-image\" src=\"https:\/\/tallafall.com\/aatf\/wp-content\/uploads\/2024\/09\/TRIUMPHUS-1.png\" alt=\"TRIUMPHUS\" \/><\/figure><\/div><div class=\"swiper-slide\" role=\"group\" aria-roledescription=\"slide\" aria-label=\"15 sur 15\"><figure class=\"swiper-slide-inner\"><img decoding=\"async\" class=\"swiper-slide-image\" src=\"https:\/\/tallafall.com\/aatf\/wp-content\/uploads\/2024\/09\/WhatsApp-Image-2024-09-27-at-10.42.44-3.png\" alt=\"WhatsApp Image 2024-09-27 at 10.42.44 (3)\" \/><\/figure><\/div>\t\t\t<\/div>\n\t\t\t\t\t\t\t\t\t\t\t\t<div class=\"elementor-swiper-button elementor-swiper-button-prev\" role=\"button\" tabindex=\"0\">\n\t\t\t\t\t\t<svg aria-hidden=\"true\" class=\"e-font-icon-svg e-eicon-chevron-left\" viewBox=\"0 0 1000 1000\" xmlns=\"http:\/\/www.w3.org\/2000\/svg\"><path d=\"M646 125C629 125 613 133 604 142L308 442C296 454 292 471 292 487 292 504 296 521 308 533L604 854C617 867 629 875 646 875 663 875 679 871 692 858 704 846 713 829 713 812 713 796 708 779 692 767L438 487 692 225C700 217 708 204 708 187 708 171 704 154 692 142 675 129 663 125 646 125Z\"><\/path><\/svg>\t\t\t\t\t<\/div>\n\t\t\t\t\t<div class=\"elementor-swiper-button elementor-swiper-button-next\" role=\"button\" tabindex=\"0\">\n\t\t\t\t\t\t<svg aria-hidden=\"true\" class=\"e-font-icon-svg e-eicon-chevron-right\" viewBox=\"0 0 1000 1000\" xmlns=\"http:\/\/www.w3.org\/2000\/svg\"><path d=\"M696 533C708 521 713 504 713 487 713 471 708 454 696 446L400 146C388 133 375 125 354 125 338 125 325 129 313 142 300 154 292 171 292 187 292 204 296 221 308 233L563 492 304 771C292 783 288 800 288 817 288 833 296 850 308 863 321 871 338 875 354 875 371 875 388 867 400 854L696 533Z\"><\/path><\/svg>\t\t\t\t\t<\/div>\n\t\t\t\t\n\t\t\t\t\t\t\t\t\t<div class=\"swiper-pagination\"><\/div>\n\t\t\t\t\t\t\t\t\t<\/div>\n\t\t\t\t<\/div>\n\t\t\t\t<\/div>\n\t\t\t\t<div class=\"elementor-element elementor-element-2a4987f elementor-widget elementor-widget-heading\" data-id=\"2a4987f\" data-element_type=\"widget\" data-widget_type=\"heading.default\">\n\t\t\t\t<div class=\"elementor-widget-container\">\n\t\t\t<h2 class=\"elementor-heading-title elementor-size-default\">ILS NOUS FONT CONFIANCE<\/h2>\t\t<\/div>\n\t\t\t\t<\/div>\n\t\t<div class=\"elementor-element elementor-element-4bf8b5e e-con-full e-flex wpr-particle-no wpr-jarallax-no wpr-parallax-no wpr-sticky-section-no wpr-equal-height-no e-con e-child\" data-id=\"4bf8b5e\" data-element_type=\"container\">\n\t\t\t\t<div class=\"elementor-element elementor-element-790f391 elementor-arrows-position-inside elementor-pagination-position-outside elementor-widget elementor-widget-image-carousel\" data-id=\"790f391\" data-element_type=\"widget\" data-settings=\"{&quot;navigation&quot;:&quot;both&quot;,&quot;autoplay&quot;:&quot;yes&quot;,&quot;pause_on_hover&quot;:&quot;yes&quot;,&quot;pause_on_interaction&quot;:&quot;yes&quot;,&quot;autoplay_speed&quot;:5000,&quot;infinite&quot;:&quot;yes&quot;,&quot;speed&quot;:500}\" data-widget_type=\"image-carousel.default\">\n\t\t\t\t<div class=\"elementor-widget-container\">\n\t\t\t\t\t<div class=\"elementor-image-carousel-wrapper swiper\" dir=\"ltr\">\n\t\t\t<div class=\"elementor-image-carousel swiper-wrapper\" aria-live=\"off\">\n\t\t\t\t\t\t\t\t<div class=\"swiper-slide\" role=\"group\" aria-roledescription=\"slide\" aria-label=\"1 sur 15\"><figure class=\"swiper-slide-inner\"><img decoding=\"async\" class=\"swiper-slide-image\" src=\"https:\/\/tallafall.com\/aatf\/wp-content\/uploads\/2024\/09\/CBAO_GAWB_logo-1.jpg\" alt=\"CBAO_GAWB_logo\" \/><\/figure><\/div><div class=\"swiper-slide\" role=\"group\" aria-roledescription=\"slide\" aria-label=\"2 sur 15\"><figure class=\"swiper-slide-inner\"><img decoding=\"async\" class=\"swiper-slide-image\" src=\"https:\/\/tallafall.com\/aatf\/wp-content\/uploads\/2024\/09\/JLL-1.png\" alt=\"JLL\" \/><\/figure><\/div><div class=\"swiper-slide\" role=\"group\" aria-roledescription=\"slide\" aria-label=\"3 sur 15\"><figure class=\"swiper-slide-inner\"><img decoding=\"async\" class=\"swiper-slide-image\" src=\"https:\/\/tallafall.com\/aatf\/wp-content\/uploads\/2024\/09\/logo-commune-de-mbacke\u2560u.png\" alt=\"logo commune de mbacke\u2560\u00fc\" \/><\/figure><\/div><div class=\"swiper-slide\" role=\"group\" aria-roledescription=\"slide\" aria-label=\"4 sur 15\"><figure class=\"swiper-slide-inner\"><img decoding=\"async\" class=\"swiper-slide-image\" src=\"https:\/\/tallafall.com\/aatf\/wp-content\/uploads\/2024\/09\/Logo-DEMETER.png\" alt=\"Logo DEMETER\" \/><\/figure><\/div><div class=\"swiper-slide\" role=\"group\" aria-roledescription=\"slide\" aria-label=\"5 sur 15\"><figure class=\"swiper-slide-inner\"><img decoding=\"async\" class=\"swiper-slide-image\" src=\"https:\/\/tallafall.com\/aatf\/wp-content\/uploads\/2024\/09\/Logo_Eiffage-Autoroute-1.png\" alt=\"Logo_Eiffage-Autoroute\" \/><\/figure><\/div><div class=\"swiper-slide\" role=\"group\" aria-roledescription=\"slide\" aria-label=\"6 sur 15\"><figure class=\"swiper-slide-inner\"><img decoding=\"async\" class=\"swiper-slide-image\" src=\"https:\/\/tallafall.com\/aatf\/wp-content\/uploads\/2024\/09\/LRA-1.png\" alt=\"LRA\" \/><\/figure><\/div><div class=\"swiper-slide\" role=\"group\" aria-roledescription=\"slide\" aria-label=\"7 sur 15\"><figure class=\"swiper-slide-inner\"><img decoding=\"async\" class=\"swiper-slide-image\" src=\"https:\/\/tallafall.com\/aatf\/wp-content\/uploads\/2024\/09\/Majorel-1.png\" alt=\"Majorel\" \/><\/figure><\/div><div class=\"swiper-slide\" role=\"group\" aria-roledescription=\"slide\" aria-label=\"8 sur 15\"><figure class=\"swiper-slide-inner\"><img decoding=\"async\" class=\"swiper-slide-image\" src=\"https:\/\/tallafall.com\/aatf\/wp-content\/uploads\/2024\/09\/NPLUSONE.png\" alt=\"NPLUSONE\" \/><\/figure><\/div><div class=\"swiper-slide\" role=\"group\" aria-roledescription=\"slide\" aria-label=\"9 sur 15\"><figure class=\"swiper-slide-inner\"><img decoding=\"async\" class=\"swiper-slide-image\" src=\"https:\/\/tallafall.com\/aatf\/wp-content\/uploads\/2024\/09\/Orange-Sonatel-1.jpeg\" alt=\"Orange Sonatel\" \/><\/figure><\/div><div class=\"swiper-slide\" role=\"group\" aria-roledescription=\"slide\" aria-label=\"10 sur 15\"><figure class=\"swiper-slide-inner\"><img decoding=\"async\" class=\"swiper-slide-image\" src=\"https:\/\/tallafall.com\/aatf\/wp-content\/uploads\/2024\/09\/Total.png\" alt=\"Total\" \/><\/figure><\/div><div class=\"swiper-slide\" role=\"group\" aria-roledescription=\"slide\" aria-label=\"11 sur 15\"><figure class=\"swiper-slide-inner\"><img decoding=\"async\" class=\"swiper-slide-image\" src=\"https:\/\/tallafall.com\/aatf\/wp-content\/uploads\/2024\/09\/Vacap.png\" alt=\"Vacap\" \/><\/figure><\/div><div class=\"swiper-slide\" role=\"group\" aria-roledescription=\"slide\" aria-label=\"12 sur 15\"><figure class=\"swiper-slide-inner\"><img decoding=\"async\" class=\"swiper-slide-image\" src=\"https:\/\/tallafall.com\/aatf\/wp-content\/uploads\/2024\/09\/WhatsApp-Image-2024-09-27-at-10.42.44-1.png\" alt=\"WhatsApp Image 2024-09-27 at 10.42.44 (1)\" \/><\/figure><\/div><div class=\"swiper-slide\" role=\"group\" aria-roledescription=\"slide\" aria-label=\"13 sur 15\"><figure class=\"swiper-slide-inner\"><img decoding=\"async\" class=\"swiper-slide-image\" src=\"https:\/\/tallafall.com\/aatf\/wp-content\/uploads\/2024\/09\/WhatsApp-Image-2024-09-27-at-10.42.44-2.png\" alt=\"WhatsApp Image 2024-09-27 at 10.42.44 (2)\" \/><\/figure><\/div><div class=\"swiper-slide\" role=\"group\" aria-roledescription=\"slide\" aria-label=\"14 sur 15\"><figure class=\"swiper-slide-inner\"><img decoding=\"async\" class=\"swiper-slide-image\" src=\"https:\/\/tallafall.com\/aatf\/wp-content\/uploads\/2024\/09\/WhatsApp-Image-2024-09-27-at-10.42.44.png\" alt=\"WhatsApp Image 2024-09-27 at 10.42.44\" \/><\/figure><\/div><div class=\"swiper-slide\" role=\"group\" aria-roledescription=\"slide\" aria-label=\"15 sur 15\"><figure class=\"swiper-slide-inner\"><img decoding=\"async\" class=\"swiper-slide-image\" src=\"https:\/\/tallafall.com\/aatf\/wp-content\/uploads\/2024\/09\/WhatsApp-Image-2024-09-29-at-00.58.33.png\" alt=\"WhatsApp Image 2024-09-29 at 00.58.33\" \/><\/figure><\/div>\t\t\t<\/div>\n\t\t\t\t\t\t\t\t\t\t\t\t<div class=\"elementor-swiper-button elementor-swiper-button-prev\" role=\"button\" tabindex=\"0\">\n\t\t\t\t\t\t<svg aria-hidden=\"true\" class=\"e-font-icon-svg e-eicon-chevron-left\" viewBox=\"0 0 1000 1000\" xmlns=\"http:\/\/www.w3.org\/2000\/svg\"><path d=\"M646 125C629 125 613 133 604 142L308 442C296 454 292 471 292 487 292 504 296 521 308 533L604 854C617 867 629 875 646 875 663 875 679 871 692 858 704 846 713 829 713 812 713 796 708 779 692 767L438 487 692 225C700 217 708 204 708 187 708 171 704 154 692 142 675 129 663 125 646 125Z\"><\/path><\/svg>\t\t\t\t\t<\/div>\n\t\t\t\t\t<div class=\"elementor-swiper-button elementor-swiper-button-next\" role=\"button\" tabindex=\"0\">\n\t\t\t\t\t\t<svg aria-hidden=\"true\" class=\"e-font-icon-svg e-eicon-chevron-right\" viewBox=\"0 0 1000 1000\" xmlns=\"http:\/\/www.w3.org\/2000\/svg\"><path d=\"M696 533C708 521 713 504 713 487 713 471 708 454 696 446L400 146C388 133 375 125 354 125 338 125 325 129 313 142 300 154 292 171 292 187 292 204 296 221 308 233L563 492 304 771C292 783 288 800 288 817 288 833 296 850 308 863 321 871 338 875 354 875 371 875 388 867 400 854L696 533Z\"><\/path><\/svg>\t\t\t\t\t<\/div>\n\t\t\t\t\n\t\t\t\t\t\t\t\t\t<div class=\"swiper-pagination\"><\/div>\n\t\t\t\t\t\t\t\t\t<\/div>\n\t\t\t\t<\/div>\n\t\t\t\t<\/div>\n\t\t\t\t<\/div>\n\t\t\t\t\t<\/div>\n\t\t\t\t<\/div>\n\t\t\t\t<\/div>\n\t\t","protected":false},"excerpt":{"rendered":"<p>A PROPOS DE NOUS! L&rsquo;Atelier d&rsquo;Architecture Talla Fall (AATF) a \u00e9t\u00e9 cr\u00e9\u00e9 en 2021 par Momar Talla Malick FALL, architecte dipl\u00f4m\u00e9 d\u2019\u00c9tat (Toulouse, 2015) habilit\u00e9 \u00e0 l\u2019exercice de la ma\u00eetrise d\u2019\u0153uvre en son nom propre (Paris-La-Villette, 2019). Ce dernier capitalise plusieurs ann\u00e9es de pratique professionnelles au S\u00e9n\u00e9gal comme \u00e0 l\u2019\u00e9tranger (France, Gambie, Guin\u00e9e-Bissau, etc.). Par ailleurs, sa formation initiale en g\u00e9nie civil (Licence \u00e0 l\u2019Universit\u00e9 du Havre, 2009 et DUT \u00e0 l\u2019\u00c9cole Polytechnique de Thi\u00e8s, 2005) lui donne un savoir-faire compl\u00e9mentaire de sa posture d\u2019architecte. L\u2019agence est bas\u00e9e \u00e0 Dakar, S\u00e9n\u00e9gal, mais se d\u00e9ploie fr\u00e9quemment dans la sous-r\u00e9gion ouest-africaine. NOTRE PHILOSOPHIE ! De la ville \u00e0 l\u2019objet, notre atelier explore toutes les \u00e9chelles de l\u2019acte de b\u00e2tir. En cela il est aid\u00e9 par la pr\u00e9sence dans ses effectifs d\u2019ing\u00e9nieurs et techniciens (civil et fluides) ayant plusieurs ann\u00e9es d\u2019exp\u00e9riences. Ce \u00e0 quoi il faut ajouter les consultants ext\u00e9rieurs qui viennent ponctuellement en appui conseiller, donner une expertise singuli\u00e8re. Par exemple les projets urbains et paysagers sont ainsi r\u00e9alis\u00e9s avec le concours de consultants bas\u00e9s en France. Notre atelier a pu concevoir ou assurer la direction de projets complexes comme un centre commercial, une maternit\u00e9, un centre d\u2019imagerie, une mosqu\u00e9e, un data-center, un centre de g\u00e9riatrie, un h\u00f4pital de niveau II, une biblioth\u00e8que, des \u00e9coles, une station services, des immeubles r\u00e9sidentiels, un design int\u00e9rieur et de mobilier etc. Il est par ailleurs toujours curieux de challenger de nouvelles opportunit\u00e9s de laisser s\u2019exprimer sa cr\u00e9ativit\u00e9 \u00e0 l\u2019occasion de projets d\u2019ordre nouveau. NOS PARTENAIRES ILS NOUS FONT CONFIANCE<\/p>\n","protected":false},"author":1,"featured_media":0,"parent":0,"menu_order":0,"comment_status":"closed","ping_status":"closed","template":"","meta":{"sfsi_plus_gutenberg_text_before_share":"","sfsi_plus_gutenberg_show_text_before_share":"","sfsi_plus_gutenberg_icon_type":"","sfsi_plus_gutenberg_icon_alignemt":"","sfsi_plus_gutenburg_max_per_row":"","footnotes":""},"class_list":["post-15","page","type-page","status-publish","hentry"],"_links":{"self":[{"href":"https:\/\/tallafall.com\/aatf\/wp-json\/wp\/v2\/pages\/15","targetHints":{"allow":["GET"]}}],"collection":[{"href":"https:\/\/tallafall.com\/aatf\/wp-json\/wp\/v2\/pages"}],"about":[{"href":"https:\/\/tallafall.com\/aatf\/wp-json\/wp\/v2\/types\/page"}],"author":[{"embeddable":true,"href":"https:\/\/tallafall.com\/aatf\/wp-json\/wp\/v2\/users\/1"}],"replies":[{"embeddable":true,"href":"https:\/\/tallafall.com\/aatf\/wp-json\/wp\/v2\/comments?post=15"}],"version-history":[{"count":58,"href":"https:\/\/tallafall.com\/aatf\/wp-json\/wp\/v2\/pages\/15\/revisions"}],"predecessor-version":[{"id":697,"href":"https:\/\/tallafall.com\/aatf\/wp-json\/wp\/v2\/pages\/15\/revisions\/697"}],"wp:attachment":[{"href":"https:\/\/tallafall.com\/aatf\/wp-json\/wp\/v2\/media?parent=15"}],"curies":[{"name":"wp","href":"https:\/\/api.w.org\/{rel}","templated":true}]}}